{"id":24,"date":"2013-12-10T17:23:03","date_gmt":"2013-12-10T17:23:03","guid":{"rendered":"http:\/\/www.xroja.tallermultinacional.net\/?page_id=24"},"modified":"2013-12-18T05:43:02","modified_gmt":"2013-12-18T05:43:02","slug":"mexico-df","status":"publish","type":"page","link":"http:\/\/www.xroja.tallermultinacional.net\/?page_id=24","title":{"rendered":"M\u00e9xico DF"},"content":{"rendered":"<p style=\"text-align: left;\"><a href=\"http:\/\/www.xroja.tallermultinacional.net\/wp-content\/uploads\/2013\/12\/IMG_2059.jpg\"><img loading=\"lazy\" decoding=\"async\" class=\"alignnone size-single-thumbnail wp-image-41\" alt=\"IMG_2059\" src=\"http:\/\/www.xroja.tallermultinacional.net\/wp-content\/uploads\/2013\/12\/IMG_2059-636x310.jpg\" width=\"636\" height=\"310\" \/><\/a><\/p>\n<p style=\"text-align: left;\"><strong>CONTEXTUALIZACI\u00d3N<\/strong><\/p>\n<p>El Comit\u00e9 Internacional de la Cruz Roja, como intermediario neutral en caso de conflictos armados y tensiones,\u00a0 emite una serie de \u201cprincipios fundamentales\u201d mediante una breve cartilla en la que, por un lado, procura reglar el combate y por el otro, humanizar la cat\u00e1strofe. \u00c9sta est\u00e1 dirigida principalmente a aquellos que se encuentran en medio del campo de batalla como combatientes y deben afrontar situaciones en las que la vida de civiles y\/o enemigos en estado de indefensi\u00f3n corre riesgo.\u00a0 El corpus de la peque\u00f1a cartilla est\u00e1 compuesta por cuatro situaciones diferentes en las que, mediante gr\u00e1ficas simples en blanco, negro y medio tono, el \u201ccombatiente\u201d puede identificarse en la situaci\u00f3n descrita.<\/p>\n<p>Con un lenguaje simple y neutral, las desgracias que antes podr\u00edan resultar dif\u00edciles de imaginar sin sentir algo de repudio, son normalizadas. Los rostros carentes de expresi\u00f3n, el tono compasivo y los colores sobrios, esterilizan la tragedia para que de dicha manera, sea apta para todos.<\/p>\n<p>M\u00e9xico DF \u00a0adem\u00e1s de compartir con otras metr\u00f3polis el hecho de ser capitales de pa\u00edses inmersos en un conflicto armado ocasionado por la insurgencia y el narcotr\u00e1fico, albergan otro tipo de \u201ccombates\u201d\u00a0 m\u00e1s cercanos a la cotidianidad de los citadinos, que a pesar de conservar cierta distancia con el conflicto armado nacional a trav\u00e9s de los medios de comunicaci\u00f3n, viven otro tipo de micro-conflictos cara a cara, relacionados a problem\u00e1ticas como la puja por el espacio p\u00fablico entre los vendedores informales, los transe\u00fantes y la fuerza p\u00fablica, las ri\u00f1as entre pandillas, los momentos de intranquilidad generados por las horas pico en las calles, entre otras situaciones.<\/p>\n<p>Muchas de estas tensiones, que pueden guardar una relaci\u00f3n directa o no con el conflicto armado en el contexto mexicano, resultan para los gobiernos dif\u00edciles de ser suspendidas. \u00bfqu\u00e9 pasa entonces con aquellas situaciones fuera de control?<\/p>\n<p><a href=\"http:\/\/www.xroja.tallermultinacional.net\/wp-content\/uploads\/2013\/12\/IMG_2092.jpg\"><img loading=\"lazy\" decoding=\"async\" class=\"alignnone size-single-thumbnail wp-image-42\" alt=\"IMG_2092\" src=\"http:\/\/www.xroja.tallermultinacional.net\/wp-content\/uploads\/2013\/12\/IMG_2092-636x310.jpg\" width=\"636\" height=\"310\" \/><\/a><\/p>\n<p style=\"text-align: left;\"><strong>REGLAS DE COMPORTAMIENTO EN EL COMBATE &#8211; KIT DE EMERGENCIA<\/strong><\/p>\n<p>Reglas de comportamiento en el combate, adem\u00e1s de ser el nombre oficial de la cartilla emitida por el comit\u00e9 internacional de la cruz roja, es el nombre del proyecto que llevamos a cabo.\u00a0 En \u00e9ste\u00a0 realizamos\u00a0 un &#8220;Kit de emergencia&#8221; \u00a0calculado para la Ciudad de M\u00e9xico empleando el mismo lenguaje de la cartilla oficial del CICR pero desplazando sus contenidos al contexto de los conflictos propios de las metr\u00f3polis, que para el caso la Ciudad de M\u00e9xico.\u00a0<strong>\u201cEl conflicto\u201d\u00a0<\/strong>(en el kit que proponemos) no comprende la lucha entre bandos, pues si bien en la guerra es expl\u00edcita una divisi\u00f3n<a title=\"\" href=\"http:\/\/elhonorablecartel.laredada.org\/intervenciones\/el-cartel-de-bogota\/reglas-de-comportamiento-en-el-combate\/#_ftn1\">[1]<\/a>\u00a0, en las ciudades se desdibuja tal cosa. En el metro, el bus o en las calles, todos somos pasajeros o transe\u00fantes y ante un altercado,\u00a0 la indistinci\u00f3n entre un grupo y otro hace del conflicto susceptible de devenir e un todos contra todos. En este sentido, los adversarios no son bandos definidos sino quienes en momentos de tensi\u00f3n hacen parte de la disputa que tiene lugar en la ciudad.<\/p>\n<p>El contenido del &#8220;Kit de Emergencia&#8221; est\u00e1 conformado por una &#8220;Gu\u00eda pr\u00e1ctica para sobrevivir al metro&#8221;, un &#8220;juego autorizado para transar&#8221; y un &#8220;mapa de mercado ambulante&#8221; pensando para el primer cuadro de la ciudad. \u00c9stos se\u00f1alan situaciones de tensi\u00f3n y soluciones absurdas, como la forma correcta de transar con la polic\u00eda. Tales situaciones fueron identificadas luego de realizar una serie de recorridos previos a la elaboraci\u00f3n de los plegables.\u00a0Posterior al desarrollo del contenido del kit y la elaboraci\u00f3n del mismo, realizamos un recorrido divididos en dos grupos. Con petos blancos impresos con el logo de la Equis Roja, de la estaci\u00f3n del metro Hidalgo a Pino Suarez por la l\u00ednea azul, distribuimos los Kit de emergencia empleando la estrategia de los vagoneros. Luego continuamos con la distribuci\u00f3n\u00a0en las plazoletas de Insurgentes y Pino Suarez (en la misma pose de voluntarios de la Equis Roja). \u00a0Como en toda campa\u00f1a, dimos ejemplos y realizamos explicaciones de los contenidos.<\/p>\n<p>link:\u00a0<a href=\"http:\/\/www.xroja.tallermultinacional.net\/?page_id=49\"><strong>KIT DE EMERGENCIA<\/strong><\/a><\/p>\n<p>&nbsp;<\/p>\n<p><a href=\"http:\/\/www.youtube.com\/watch?v=jj3KqjypXrk\"><img loading=\"lazy\" decoding=\"async\" class=\"size-full wp-image-114 alignright\" alt=\"logos\" src=\"http:\/\/www.xroja.tallermultinacional.net\/wp-content\/uploads\/2013\/12\/logos.jpg\" width=\"278\" height=\"95\" \/><\/a><\/p>\n<p style=\"text-align: right;\">\n","protected":false},"excerpt":{"rendered":"<p>CONTEXTUALIZACI\u00d3N El Comit\u00e9 Internacional de la Cruz Roja, como intermediario neutral en caso de conflictos armados y tensiones,\u00a0 emite una serie de \u201cprincipios fundamentales\u201d mediante una breve cartilla en la que, por un lado, procura reglar el combate y por&#8230;<\/p>\n","protected":false},"author":2,"featured_media":0,"parent":0,"menu_order":0,"comment_status":"open","ping_status":"open","template":"","meta":{"footnotes":""},"class_list":["post-24","page","type-page","status-publish","hentry"],"_links":{"self":[{"href":"http:\/\/www.xroja.tallermultinacional.net\/index.php?rest_route=\/wp\/v2\/pages\/24","targetHints":{"allow":["GET"]}}],"collection":[{"href":"http:\/\/www.xroja.tallermultinacional.net\/index.php?rest_route=\/wp\/v2\/pages"}],"about":[{"href":"http:\/\/www.xroja.tallermultinacional.net\/index.php?rest_route=\/wp\/v2\/types\/page"}],"author":[{"embeddable":true,"href":"http:\/\/www.xroja.tallermultinacional.net\/index.php?rest_route=\/wp\/v2\/users\/2"}],"replies":[{"embeddable":true,"href":"http:\/\/www.xroja.tallermultinacional.net\/index.php?rest_route=%2Fwp%2Fv2%2Fcomments&post=24"}],"version-history":[{"count":10,"href":"http:\/\/www.xroja.tallermultinacional.net\/index.php?rest_route=\/wp\/v2\/pages\/24\/revisions"}],"predecessor-version":[{"id":121,"href":"http:\/\/www.xroja.tallermultinacional.net\/index.php?rest_route=\/wp\/v2\/pages\/24\/revisions\/121"}],"wp:attachment":[{"href":"http:\/\/www.xroja.tallermultinacional.net\/index.php?rest_route=%2Fwp%2Fv2%2Fmedia&parent=24"}],"curies":[{"name":"wp","href":"https:\/\/api.w.org\/{rel}","templated":true}]}}